{"id":2287,"date":"2023-05-23T09:53:19","date_gmt":"2023-05-23T07:53:19","guid":{"rendered":"https:\/\/annie-maraldi57.com\/?post_type=product&#038;p=2287"},"modified":"2024-01-18T15:48:02","modified_gmt":"2024-01-18T14:48:02","slug":"vide-poche-verre-10x20-2","status":"publish","type":"product","link":"https:\/\/annie-maraldi57.com\/index.php\/product\/vide-poche-verre-10x20-2\/","title":{"rendered":"Vide poche verre 10x20_97"},"content":{"rendered":"<p>Vide poche verre 10&#215;20 compos\u00e9 de carr\u00e9s de verre color\u00e9s pos\u00e9es en vrac<\/p>\n<p>Ils peuvent servir de vide-poche, de porte lunette,\u00a0 de porte stylo ou pour pr\u00e9senter des petits aliments.<\/p>\n","protected":false},"excerpt":{"rendered":"<p>Vide poche format 10x20_97 motifs carr\u00e9s color\u00e9s en vrac<\/p>\n","protected":false},"featured_media":2283,"comment_status":"open","ping_status":"closed","template":"","meta":{"site-sidebar-layout":"default","site-content-layout":"default","ast-global-header-display":"","ast-main-header-display":"","ast-hfb-above-header-display":"","ast-hfb-below-header-display":"","ast-hfb-mobile-header-display":"","site-post-title":"","ast-breadcrumbs-content":"","ast-featured-img":"","footer-sml-layout":"","theme-transparent-header-meta":"default","adv-header-id-meta":"","stick-header-meta":"","header-above-stick-meta":"","header-main-stick-meta":"","header-below-stick-meta":""},"product_brand":[],"product_cat":[69],"product_tag":[],"class_list":{"0":"post-2287","1":"product","2":"type-product","3":"status-publish","4":"has-post-thumbnail","6":"product_cat-10x20","7":"desktop-align-left","8":"tablet-align-left","9":"mobile-align-left","11":"first","12":"instock","13":"shipping-taxable","14":"purchasable","15":"product-type-simple"},"yoast_head":"<!-- This site is optimized with the Yoast SEO plugin v26.8 - https:\/\/yoast.com\/product\/yoast-seo-wordpress\/ -->\n<title>Vide poche verre 10x20_97 - Annie MARALDI<\/title>\n<meta name=\"description\" content=\"Vide poche verre 10x20 motifs carr\u00e9s color\u00e9es. Ils peuvent servir de vide-poche, porte savon, porte stylo, pour pr\u00e9senter des petits aliments.\" \/>\n<meta name=\"robots\" content=\"index, follow, max-snippet:-1, max-image-preview:large, max-video-preview:-1\" \/>\n<link rel=\"canonical\" href=\"https:\/\/annie-maraldi57.com\/index.php\/product\/vide-poche-verre-10x20-2\/\" \/>\n<meta property=\"og:locale\" content=\"fr_FR\" \/>\n<meta property=\"og:type\" content=\"article\" \/>\n<meta property=\"og:title\" content=\"Vide poche verre 10x20_97 - Annie MARALDI\" \/>\n<meta property=\"og:description\" content=\"Vide poche verre 10x20 motifs carr\u00e9s color\u00e9es. Ils peuvent servir de vide-poche, porte savon, porte stylo, pour pr\u00e9senter des petits aliments.\" \/>\n<meta property=\"og:url\" content=\"https:\/\/annie-maraldi57.com\/index.php\/product\/vide-poche-verre-10x20-2\/\" \/>\n<meta property=\"og:site_name\" content=\"Annie MARALDI - Fusing &amp; p\u00e2te de verre\" \/>\n<meta property=\"article:modified_time\" content=\"2024-01-18T14:48:02+00:00\" \/>\n<meta property=\"og:image\" content=\"http:\/\/annie-maraldi57.com\/wp-content\/uploads\/2023\/05\/DE-VP-10x20_97-scaled.jpg\" \/>\n\t<meta property=\"og:image:width\" content=\"2560\" \/>\n\t<meta property=\"og:image:height\" content=\"2551\" \/>\n\t<meta property=\"og:image:type\" content=\"image\/jpeg\" \/>\n<meta name=\"twitter:card\" content=\"summary_large_image\" \/>\n<meta name=\"twitter:label1\" content=\"Dur\u00e9e de lecture estim\u00e9e\" \/>\n\t<meta name=\"twitter:data1\" content=\"1 minute\" \/>\n<script type=\"application\/ld+json\" class=\"yoast-schema-graph\">{\"@context\":\"https:\/\/schema.org\",\"@graph\":[{\"@type\":\"WebPage\",\"@id\":\"https:\/\/annie-maraldi57.com\/index.php\/product\/vide-poche-verre-10x20-2\/\",\"url\":\"https:\/\/annie-maraldi57.com\/index.php\/product\/vide-poche-verre-10x20-2\/\",\"name\":\"Vide poche verre 10x20_97 - Annie MARALDI\",\"isPartOf\":{\"@id\":\"https:\/\/annie-maraldi57.com\/#website\"},\"primaryImageOfPage\":{\"@id\":\"https:\/\/annie-maraldi57.com\/index.php\/product\/vide-poche-verre-10x20-2\/#primaryimage\"},\"image\":{\"@id\":\"https:\/\/annie-maraldi57.com\/index.php\/product\/vide-poche-verre-10x20-2\/#primaryimage\"},\"thumbnailUrl\":\"https:\/\/annie-maraldi57.com\/wp-content\/uploads\/2023\/05\/DE-VP-10x20_97-scaled.jpg\",\"datePublished\":\"2023-05-23T07:53:19+00:00\",\"dateModified\":\"2024-01-18T14:48:02+00:00\",\"description\":\"Vide poche verre 10x20 motifs carr\u00e9s color\u00e9es. Ils peuvent servir de vide-poche, porte savon, porte stylo, pour pr\u00e9senter des petits aliments.\",\"breadcrumb\":{\"@id\":\"https:\/\/annie-maraldi57.com\/index.php\/product\/vide-poche-verre-10x20-2\/#breadcrumb\"},\"inLanguage\":\"fr-FR\",\"potentialAction\":[{\"@type\":\"ReadAction\",\"target\":[\"https:\/\/annie-maraldi57.com\/index.php\/product\/vide-poche-verre-10x20-2\/\"]}]},{\"@type\":\"ImageObject\",\"inLanguage\":\"fr-FR\",\"@id\":\"https:\/\/annie-maraldi57.com\/index.php\/product\/vide-poche-verre-10x20-2\/#primaryimage\",\"url\":\"https:\/\/annie-maraldi57.com\/wp-content\/uploads\/2023\/05\/DE-VP-10x20_97-scaled.jpg\",\"contentUrl\":\"https:\/\/annie-maraldi57.com\/wp-content\/uploads\/2023\/05\/DE-VP-10x20_97-scaled.jpg\",\"width\":2560,\"height\":2551},{\"@type\":\"BreadcrumbList\",\"@id\":\"https:\/\/annie-maraldi57.com\/index.php\/product\/vide-poche-verre-10x20-2\/#breadcrumb\",\"itemListElement\":[{\"@type\":\"ListItem\",\"position\":1,\"name\":\"Accueil\",\"item\":\"https:\/\/annie-maraldi57.com\/\"},{\"@type\":\"ListItem\",\"position\":2,\"name\":\"Boutique\",\"item\":\"https:\/\/annie-maraldi57.com\/index.php\/shop-2\/\"},{\"@type\":\"ListItem\",\"position\":3,\"name\":\"Vide poche verre 10x20_97\"}]},{\"@type\":\"WebSite\",\"@id\":\"https:\/\/annie-maraldi57.com\/#website\",\"url\":\"https:\/\/annie-maraldi57.com\/\",\"name\":\"Annie MARALDI - Fusing &amp; p\u00e2te de verre\",\"description\":\"\",\"publisher\":{\"@id\":\"https:\/\/annie-maraldi57.com\/#organization\"},\"potentialAction\":[{\"@type\":\"SearchAction\",\"target\":{\"@type\":\"EntryPoint\",\"urlTemplate\":\"https:\/\/annie-maraldi57.com\/?s={search_term_string}\"},\"query-input\":{\"@type\":\"PropertyValueSpecification\",\"valueRequired\":true,\"valueName\":\"search_term_string\"}}],\"inLanguage\":\"fr-FR\"},{\"@type\":\"Organization\",\"@id\":\"https:\/\/annie-maraldi57.com\/#organization\",\"name\":\"Annie MARALDI - Fusing &amp; p\u00e2te de verre\",\"url\":\"https:\/\/annie-maraldi57.com\/\",\"logo\":{\"@type\":\"ImageObject\",\"inLanguage\":\"fr-FR\",\"@id\":\"https:\/\/annie-maraldi57.com\/#\/schema\/logo\/image\/\",\"url\":\"https:\/\/annie-maraldi57.com\/wp-content\/uploads\/2023\/01\/Escargot_compresse.jpg\",\"contentUrl\":\"https:\/\/annie-maraldi57.com\/wp-content\/uploads\/2023\/01\/Escargot_compresse.jpg\",\"width\":329,\"height\":200,\"caption\":\"Annie MARALDI - Fusing &amp; p\u00e2te de verre\"},\"image\":{\"@id\":\"https:\/\/annie-maraldi57.com\/#\/schema\/logo\/image\/\"}}]}<\/script>\n<!-- \/ Yoast SEO plugin. -->","yoast_head_json":{"title":"Vide poche verre 10x20_97 - Annie MARALDI","description":"Vide poche verre 10x20 motifs carr\u00e9s color\u00e9es. Ils peuvent servir de vide-poche, porte savon, porte stylo, pour pr\u00e9senter des petits aliments.","robots":{"index":"index","follow":"follow","max-snippet":"max-snippet:-1","max-image-preview":"max-image-preview:large","max-video-preview":"max-video-preview:-1"},"canonical":"https:\/\/annie-maraldi57.com\/index.php\/product\/vide-poche-verre-10x20-2\/","og_locale":"fr_FR","og_type":"article","og_title":"Vide poche verre 10x20_97 - Annie MARALDI","og_description":"Vide poche verre 10x20 motifs carr\u00e9s color\u00e9es. Ils peuvent servir de vide-poche, porte savon, porte stylo, pour pr\u00e9senter des petits aliments.","og_url":"https:\/\/annie-maraldi57.com\/index.php\/product\/vide-poche-verre-10x20-2\/","og_site_name":"Annie MARALDI - Fusing &amp; p\u00e2te de verre","article_modified_time":"2024-01-18T14:48:02+00:00","og_image":[{"width":2560,"height":2551,"url":"http:\/\/annie-maraldi57.com\/wp-content\/uploads\/2023\/05\/DE-VP-10x20_97-scaled.jpg","type":"image\/jpeg"}],"twitter_card":"summary_large_image","twitter_misc":{"Dur\u00e9e de lecture estim\u00e9e":"1 minute"},"schema":{"@context":"https:\/\/schema.org","@graph":[{"@type":"WebPage","@id":"https:\/\/annie-maraldi57.com\/index.php\/product\/vide-poche-verre-10x20-2\/","url":"https:\/\/annie-maraldi57.com\/index.php\/product\/vide-poche-verre-10x20-2\/","name":"Vide poche verre 10x20_97 - Annie MARALDI","isPartOf":{"@id":"https:\/\/annie-maraldi57.com\/#website"},"primaryImageOfPage":{"@id":"https:\/\/annie-maraldi57.com\/index.php\/product\/vide-poche-verre-10x20-2\/#primaryimage"},"image":{"@id":"https:\/\/annie-maraldi57.com\/index.php\/product\/vide-poche-verre-10x20-2\/#primaryimage"},"thumbnailUrl":"https:\/\/annie-maraldi57.com\/wp-content\/uploads\/2023\/05\/DE-VP-10x20_97-scaled.jpg","datePublished":"2023-05-23T07:53:19+00:00","dateModified":"2024-01-18T14:48:02+00:00","description":"Vide poche verre 10x20 motifs carr\u00e9s color\u00e9es. Ils peuvent servir de vide-poche, porte savon, porte stylo, pour pr\u00e9senter des petits aliments.","breadcrumb":{"@id":"https:\/\/annie-maraldi57.com\/index.php\/product\/vide-poche-verre-10x20-2\/#breadcrumb"},"inLanguage":"fr-FR","potentialAction":[{"@type":"ReadAction","target":["https:\/\/annie-maraldi57.com\/index.php\/product\/vide-poche-verre-10x20-2\/"]}]},{"@type":"ImageObject","inLanguage":"fr-FR","@id":"https:\/\/annie-maraldi57.com\/index.php\/product\/vide-poche-verre-10x20-2\/#primaryimage","url":"https:\/\/annie-maraldi57.com\/wp-content\/uploads\/2023\/05\/DE-VP-10x20_97-scaled.jpg","contentUrl":"https:\/\/annie-maraldi57.com\/wp-content\/uploads\/2023\/05\/DE-VP-10x20_97-scaled.jpg","width":2560,"height":2551},{"@type":"BreadcrumbList","@id":"https:\/\/annie-maraldi57.com\/index.php\/product\/vide-poche-verre-10x20-2\/#breadcrumb","itemListElement":[{"@type":"ListItem","position":1,"name":"Accueil","item":"https:\/\/annie-maraldi57.com\/"},{"@type":"ListItem","position":2,"name":"Boutique","item":"https:\/\/annie-maraldi57.com\/index.php\/shop-2\/"},{"@type":"ListItem","position":3,"name":"Vide poche verre 10x20_97"}]},{"@type":"WebSite","@id":"https:\/\/annie-maraldi57.com\/#website","url":"https:\/\/annie-maraldi57.com\/","name":"Annie MARALDI - Fusing &amp; p\u00e2te de verre","description":"","publisher":{"@id":"https:\/\/annie-maraldi57.com\/#organization"},"potentialAction":[{"@type":"SearchAction","target":{"@type":"EntryPoint","urlTemplate":"https:\/\/annie-maraldi57.com\/?s={search_term_string}"},"query-input":{"@type":"PropertyValueSpecification","valueRequired":true,"valueName":"search_term_string"}}],"inLanguage":"fr-FR"},{"@type":"Organization","@id":"https:\/\/annie-maraldi57.com\/#organization","name":"Annie MARALDI - Fusing &amp; p\u00e2te de verre","url":"https:\/\/annie-maraldi57.com\/","logo":{"@type":"ImageObject","inLanguage":"fr-FR","@id":"https:\/\/annie-maraldi57.com\/#\/schema\/logo\/image\/","url":"https:\/\/annie-maraldi57.com\/wp-content\/uploads\/2023\/01\/Escargot_compresse.jpg","contentUrl":"https:\/\/annie-maraldi57.com\/wp-content\/uploads\/2023\/01\/Escargot_compresse.jpg","width":329,"height":200,"caption":"Annie MARALDI - Fusing &amp; p\u00e2te de verre"},"image":{"@id":"https:\/\/annie-maraldi57.com\/#\/schema\/logo\/image\/"}}]}},"_links":{"self":[{"href":"https:\/\/annie-maraldi57.com\/index.php\/wp-json\/wp\/v2\/product\/2287","targetHints":{"allow":["GET"]}}],"collection":[{"href":"https:\/\/annie-maraldi57.com\/index.php\/wp-json\/wp\/v2\/product"}],"about":[{"href":"https:\/\/annie-maraldi57.com\/index.php\/wp-json\/wp\/v2\/types\/product"}],"replies":[{"embeddable":true,"href":"https:\/\/annie-maraldi57.com\/index.php\/wp-json\/wp\/v2\/comments?post=2287"}],"wp:featuredmedia":[{"embeddable":true,"href":"https:\/\/annie-maraldi57.com\/index.php\/wp-json\/wp\/v2\/media\/2283"}],"wp:attachment":[{"href":"https:\/\/annie-maraldi57.com\/index.php\/wp-json\/wp\/v2\/media?parent=2287"}],"wp:term":[{"taxonomy":"product_brand","embeddable":true,"href":"https:\/\/annie-maraldi57.com\/index.php\/wp-json\/wp\/v2\/product_brand?post=2287"},{"taxonomy":"product_cat","embeddable":true,"href":"https:\/\/annie-maraldi57.com\/index.php\/wp-json\/wp\/v2\/product_cat?post=2287"},{"taxonomy":"product_tag","embeddable":true,"href":"https:\/\/annie-maraldi57.com\/index.php\/wp-json\/wp\/v2\/product_tag?post=2287"}],"curies":[{"name":"wp","href":"https:\/\/api.w.org\/{rel}","templated":true}]}}